{"id":59,"date":"2024-10-29T12:20:51","date_gmt":"2024-10-29T12:20:51","guid":{"rendered":"https:\/\/jadoza.com\/?page_id=59"},"modified":"2024-11-14T12:16:58","modified_gmt":"2024-11-14T12:16:58","slug":"prueba","status":"publish","type":"page","link":"https:\/\/jadoza.com\/?page_id=59","title":{"rendered":"Cont\u00e1ctanos."},"content":{"rendered":"\n<div class=\"wp-block-group has-global-padding is-layout-constrained wp-block-group-is-layout-constrained\">\n<div class=\"wp-block-group alignfull has-base-2-background-color has-background has-global-padding is-layout-constrained wp-container-core-group-is-layout-4c48b175 wp-block-group-is-layout-constrained\" style=\"margin-top:0;margin-bottom:0;padding-top:0;padding-right:0;padding-bottom:0;padding-left:0\">\n<div class=\"wp-block-columns alignwide is-layout-flex wp-container-core-columns-is-layout-d0bbbce0 wp-block-columns-is-layout-flex\" style=\"border-style:none;border-width:0px\">\n<div class=\"wp-block-column is-vertically-aligned-center has-base-2-background-color has-background is-layout-flow wp-container-core-column-is-layout-f899a3da wp-block-column-is-layout-flow\" style=\"padding-top:var(--wp--preset--spacing--40);padding-right:var(--wp--preset--spacing--60);padding-bottom:var(--wp--preset--spacing--40);padding-left:var(--wp--preset--spacing--60)\">\n<h3 class=\"wp-block-heading has-text-align-left animated fadeInLeft delay-200ms is-style-default has-body-font-family has-medium-font-size\" style=\"font-style:normal;font-weight:600\">Para m\u00e1s informaci\u00f3n, no dudes en ponerse en contacto con nosotros.<\/h3>\n\n\n\n<div class=\"wp-block-group has-base-2-background-color has-background is-layout-grid wp-container-core-group-is-layout-afd3373d wp-block-group-is-layout-grid\" style=\"border-style:none;border-width:0px;border-radius:28px;margin-top:0;margin-bottom:0;padding-top:0;padding-right:0;padding-bottom:0;padding-left:0\">\n<div class=\"wpcf7 no-js\" id=\"wpcf7-f148-o1\" lang=\"es-ES\" dir=\"ltr\" data-wpcf7-id=\"148\">\n<div class=\"screen-reader-response\"><p role=\"status\" aria-live=\"polite\" aria-atomic=\"true\"><\/p> <ul><\/ul><\/div>\n<form action=\"\/index.php?rest_route=%2Fwp%2Fv2%2Fpages%2F59#wpcf7-f148-o1\" method=\"post\" class=\"wpcf7-form init\" aria-label=\"Formulario de contacto\" novalidate=\"novalidate\" data-status=\"init\">\n<fieldset class=\"hidden-fields-container\"><input type=\"hidden\" name=\"_wpcf7\" value=\"148\" \/><input type=\"hidden\" name=\"_wpcf7_version\" value=\"6.1.5\" \/><input type=\"hidden\" name=\"_wpcf7_locale\" value=\"es_ES\" \/><input type=\"hidden\" name=\"_wpcf7_unit_tag\" value=\"wpcf7-f148-o1\" \/><input type=\"hidden\" name=\"_wpcf7_container_post\" value=\"0\" \/><input type=\"hidden\" name=\"_wpcf7_posted_data_hash\" value=\"\" \/><input type=\"hidden\" name=\"_wpcf7_recaptcha_response\" value=\"\" \/>\n<\/fieldset>\n<p><label> Tu nombre<br \/>\n<span class=\"wpcf7-form-control-wrap\" data-name=\"your-name\"><input size=\"40\" maxlength=\"400\" class=\"wpcf7-form-control wpcf7-text wpcf7-validates-as-required\" autocomplete=\"name\" aria-required=\"true\" aria-invalid=\"false\" value=\"\" type=\"text\" name=\"your-name\" \/><\/span> <\/label>\n<\/p>\n<p><label> Tu correo electr\u00f3nico<br \/>\n<span class=\"wpcf7-form-control-wrap\" data-name=\"your-email\"><input size=\"40\" maxlength=\"400\" class=\"wpcf7-form-control wpcf7-email wpcf7-validates-as-required wpcf7-text wpcf7-validates-as-email\" autocomplete=\"email\" aria-required=\"true\" aria-invalid=\"false\" value=\"\" type=\"email\" name=\"your-email\" \/><\/span> <\/label>\n<\/p>\n<p><label> Asunto<br \/>\n<span class=\"wpcf7-form-control-wrap\" data-name=\"your-subject\"><input size=\"40\" maxlength=\"400\" class=\"wpcf7-form-control wpcf7-text wpcf7-validates-as-required\" aria-required=\"true\" aria-invalid=\"false\" value=\"\" type=\"text\" name=\"your-subject\" \/><\/span> <\/label>\n<\/p>\n<p><label> Tu mensaje (opcional)<br \/>\n<span class=\"wpcf7-form-control-wrap\" data-name=\"your-message\"><textarea cols=\"40\" rows=\"10\" maxlength=\"2000\" class=\"wpcf7-form-control wpcf7-textarea\" aria-invalid=\"false\" name=\"your-message\"><\/textarea><\/span> <\/label>\n<\/p>\n<p><input class=\"wpcf7-form-control wpcf7-submit has-spinner\" type=\"submit\" value=\"Enviar\" \/>\n<\/p><div class=\"wpcf7-response-output\" aria-hidden=\"true\"><\/div>\n<\/form>\n<\/div>\n\n<\/div>\n\n\n\n<p class=\"has-text-align-left animated fadeInLeft delay-200ms\"><\/p>\n<\/div>\n<\/div>\n\n\n\n<div class=\"wp-block-group is-vertical is-content-justification-center is-layout-flex wp-container-core-group-is-layout-52b864f0 wp-block-group-is-layout-flex\">\n<h2 class=\"wp-block-heading has-text-align-left o-typing-delay-100ms o-typing-fast is-style-default\">Madrid<\/h2>\n\n\n\n<div style=\"height:0px\" aria-hidden=\"true\" class=\"wp-block-spacer wp-container-content-4f2ccadb\"><\/div>\n<\/div>\n\n\n\n<div class=\"wp-block-columns alignwide is-layout-flex wp-container-core-columns-is-layout-d0bbbce0 wp-block-columns-is-layout-flex\">\n<div class=\"wp-block-column is-layout-flow wp-container-core-column-is-layout-e3d1c41b wp-block-column-is-layout-flow\">\n<h3 class=\"wp-block-heading has-text-align-center animated fadeInRight delay-200ms is-style-default has-body-font-family has-medium-font-size\" style=\"font-style:normal;font-weight:600\"><img loading=\"lazy\" decoding=\"async\" width=\"100\" height=\"100\" class=\"wp-image-157\" style=\"width: 100px;\" src=\"https:\/\/jadoza.com\/wp-content\/uploads\/2024\/11\/location_535239.png\" alt=\"\" srcset=\"https:\/\/jadoza.com\/wp-content\/uploads\/2024\/11\/location_535239.png 512w, https:\/\/jadoza.com\/wp-content\/uploads\/2024\/11\/location_535239-300x300.png 300w, https:\/\/jadoza.com\/wp-content\/uploads\/2024\/11\/location_535239-150x150.png 150w\" sizes=\"auto, (max-width: 100px) 100vw, 100px\" \/>Direcci\u00f3n<\/h3>\n\n\n\n<p class=\"has-text-align-center animated fadeInRight delay-200ms\">Calle del Manzanares 14, 28100 Alcobendas, Madrid<\/p>\n<\/div>\n\n\n\n<div class=\"wp-block-column is-layout-flow wp-container-core-column-is-layout-e3d1c41b wp-block-column-is-layout-flow\">\n<h3 class=\"wp-block-heading has-text-align-center animated fadeInRight delay-200ms is-style-default has-body-font-family has-medium-font-size\" style=\"font-style:normal;font-weight:600\"><img loading=\"lazy\" decoding=\"async\" width=\"100\" height=\"100\" class=\"wp-image-158\" style=\"width: 100px;\" src=\"https:\/\/jadoza.com\/wp-content\/uploads\/2024\/11\/phone-message_5948213.png\" alt=\"\" srcset=\"https:\/\/jadoza.com\/wp-content\/uploads\/2024\/11\/phone-message_5948213.png 512w, https:\/\/jadoza.com\/wp-content\/uploads\/2024\/11\/phone-message_5948213-300x300.png 300w, https:\/\/jadoza.com\/wp-content\/uploads\/2024\/11\/phone-message_5948213-150x150.png 150w\" sizes=\"auto, (max-width: 100px) 100vw, 100px\" \/>Tel\u00e9fono:<\/h3>\n\n\n\n<p class=\"has-text-align-center animated fadeInRight delay-200ms\">91 653 94 00<\/p>\n<\/div>\n\n\n\n<div class=\"wp-block-column is-layout-flow wp-container-core-column-is-layout-e3d1c41b wp-block-column-is-layout-flow\">\n<h3 class=\"wp-block-heading has-text-align-center animated fadeInRight delay-200ms is-style-default has-body-font-family has-medium-font-size\" style=\"font-style:normal;font-weight:600\"><img loading=\"lazy\" decoding=\"async\" width=\"120\" height=\"120\" class=\"wp-image-163\" style=\"width: 120px;\" src=\"https:\/\/jadoza.com\/wp-content\/uploads\/2024\/11\/envelope_16200296.png\" alt=\"\" srcset=\"https:\/\/jadoza.com\/wp-content\/uploads\/2024\/11\/envelope_16200296.png 512w, https:\/\/jadoza.com\/wp-content\/uploads\/2024\/11\/envelope_16200296-300x300.png 300w, https:\/\/jadoza.com\/wp-content\/uploads\/2024\/11\/envelope_16200296-150x150.png 150w\" sizes=\"auto, (max-width: 120px) 100vw, 120px\" \/>     correo electr\u00f3nico<\/h3>\n\n\n\n<p class=\"has-text-align-center animated fadeInRight delay-200ms\">info@jadoza.com<\/p>\n<\/div>\n<\/div>\n\n\n\n<div style=\"height:min(1.5rem, 2vw)\" aria-hidden=\"true\" class=\"wp-block-spacer\"><\/div>\n<\/div>\n<\/div>\n","protected":false},"excerpt":{"rendered":"<p>Para m\u00e1s informaci\u00f3n, no dudes en ponerse en contacto con nosotros. Madrid Direcci\u00f3n Calle del Manzanares 14, 28100 Alcobendas, Madrid Tel\u00e9fono: 91 653 94 00 correo electr\u00f3nico info@jadoza.com<\/p>\n","protected":false},"author":1,"featured_media":0,"parent":0,"menu_order":0,"comment_status":"closed","ping_status":"closed","template":"","meta":{"footnotes":""},"class_list":["post-59","page","type-page","status-publish","hentry"],"_links":{"self":[{"href":"https:\/\/jadoza.com\/index.php?rest_route=\/wp\/v2\/pages\/59","targetHints":{"allow":["GET"]}}],"collection":[{"href":"https:\/\/jadoza.com\/index.php?rest_route=\/wp\/v2\/pages"}],"about":[{"href":"https:\/\/jadoza.com\/index.php?rest_route=\/wp\/v2\/types\/page"}],"author":[{"embeddable":true,"href":"https:\/\/jadoza.com\/index.php?rest_route=\/wp\/v2\/users\/1"}],"replies":[{"embeddable":true,"href":"https:\/\/jadoza.com\/index.php?rest_route=%2Fwp%2Fv2%2Fcomments&post=59"}],"version-history":[{"count":46,"href":"https:\/\/jadoza.com\/index.php?rest_route=\/wp\/v2\/pages\/59\/revisions"}],"predecessor-version":[{"id":202,"href":"https:\/\/jadoza.com\/index.php?rest_route=\/wp\/v2\/pages\/59\/revisions\/202"}],"wp:attachment":[{"href":"https:\/\/jadoza.com\/index.php?rest_route=%2Fwp%2Fv2%2Fmedia&parent=59"}],"curies":[{"name":"wp","href":"https:\/\/api.w.org\/{rel}","templated":true}]}}