{"id":357,"date":"2025-03-21T17:34:22","date_gmt":"2025-03-21T17:34:22","guid":{"rendered":"https:\/\/jadoza.com\/?post_type=product&#038;p=357"},"modified":"2025-03-25T10:41:35","modified_gmt":"2025-03-25T10:41:35","slug":"fuente-de-alimentacion-conmutada-meanwell-rsp-2000-48","status":"publish","type":"product","link":"https:\/\/jadoza.com\/?product=fuente-de-alimentacion-conmutada-meanwell-rsp-2000-48","title":{"rendered":"MEAN WELL RSP-2000-48"},"content":{"rendered":"<p>Fuente de alimentaci\u00f3n conmutada MEANWELL RSP-2000-48<\/p>\n<ul class=\"a-unordered-list a-vertical a-spacing-mini\">\n<li class=\"a-spacing-mini\"><span class=\"a-list-item\">\u3010Multifunci\u00f3n\u3011 Controlador de potencia con PFC, interruptor remoto, detecci\u00f3n remota, alimentaci\u00f3n auxiliar, salida de se\u00f1al CC OK, voltaje de salida y funci\u00f3n ajustable de valor de corriente constante.<\/span><\/li>\n<li class=\"a-spacing-mini\"><span class=\"a-list-item\">Alta eficiencia: eficiencia de conversi\u00f3n del adaptador de corriente de hasta el 93%, puede funcionar a carga completa en el rango de temperatura de -22.0 \u00b0F a +158.0 \u00b0F, refrigeraci\u00f3n integrada del ventilador de CC.<\/span><\/li>\n<li class=\"a-spacing-mini\"><span class=\"a-list-item\">Protecci\u00f3n de seguridad: convertidor de potencia cerrado de salida de un solo banco con protecci\u00f3n contra cortocircuitos, sobrecarga, sobretensi\u00f3n, sobretemperatura. Rango de voltaje de entrada 90 ~ 264VAC o 250 ~ 370VDC.<\/span><\/li>\n<li class=\"a-spacing-mini\"><span class=\"a-list-item\">Ampliamente utilizado: la fuente de alimentaci\u00f3n conmutada CA\/CC utiliza carcasa de metal con buen rendimiento de disipaci\u00f3n de calor, aplicada en automatizaci\u00f3n industrial, ingenier\u00eda de proyectos de bricolaje, instrumentos de prueba y medici\u00f3n, etc.<\/span><\/li>\n<li class=\"a-spacing-mini\"><span class=\"a-list-item\">\u3010Precauci\u00f3n\u3011 Con el fin de prolongar la vida \u00fatil, no dejes que el transformador exceda la corriente nominal durante mucho tiempo. Si tienes alguna pregunta, ponte en contacto con nosotros a tiempo.<\/span><\/li>\n<\/ul>\n","protected":false},"excerpt":{"rendered":"<p>Fuente de alimentaci\u00f3n conmutada MEANWELL RSP-2000-48 \u3010Multifunci\u00f3n\u3011 Controlador de potencia con PFC, interruptor remoto, detecci\u00f3n remota, alimentaci\u00f3n auxiliar, salida de se\u00f1al CC OK, voltaje de salida y funci\u00f3n ajustable de valor de corriente constante. Alta eficiencia: eficiencia de conversi\u00f3n del adaptador de corriente de hasta el 93%, puede funcionar a carga completa en el rango [&hellip;]<\/p>\n","protected":false},"featured_media":358,"comment_status":"open","ping_status":"closed","template":"","meta":[],"product_brand":[22],"product_cat":[24],"product_tag":[25],"class_list":{"0":"post-357","1":"product","2":"type-product","3":"status-publish","4":"has-post-thumbnail","6":"product_brand-mean-well","7":"product_cat-fuente-de-alimentacion","8":"product_tag-fuente-de-alimentacion","10":"first","11":"instock","12":"taxable","13":"shipping-taxable","14":"purchasable","15":"product-type-simple"},"_links":{"self":[{"href":"https:\/\/jadoza.com\/index.php?rest_route=\/wp\/v2\/product\/357","targetHints":{"allow":["GET"]}}],"collection":[{"href":"https:\/\/jadoza.com\/index.php?rest_route=\/wp\/v2\/product"}],"about":[{"href":"https:\/\/jadoza.com\/index.php?rest_route=\/wp\/v2\/types\/product"}],"replies":[{"embeddable":true,"href":"https:\/\/jadoza.com\/index.php?rest_route=%2Fwp%2Fv2%2Fcomments&post=357"}],"wp:featuredmedia":[{"embeddable":true,"href":"https:\/\/jadoza.com\/index.php?rest_route=\/wp\/v2\/media\/358"}],"wp:attachment":[{"href":"https:\/\/jadoza.com\/index.php?rest_route=%2Fwp%2Fv2%2Fmedia&parent=357"}],"wp:term":[{"taxonomy":"product_brand","embeddable":true,"href":"https:\/\/jadoza.com\/index.php?rest_route=%2Fwp%2Fv2%2Fproduct_brand&post=357"},{"taxonomy":"product_cat","embeddable":true,"href":"https:\/\/jadoza.com\/index.php?rest_route=%2Fwp%2Fv2%2Fproduct_cat&post=357"},{"taxonomy":"product_tag","embeddable":true,"href":"https:\/\/jadoza.com\/index.php?rest_route=%2Fwp%2Fv2%2Fproduct_tag&post=357"}],"curies":[{"name":"wp","href":"https:\/\/api.w.org\/{rel}","templated":true}]}}